{"id":954,"date":"2020-06-05T08:13:19","date_gmt":"2020-06-05T08:13:19","guid":{"rendered":"https:\/\/nkef.eus\/?page_id=954"},"modified":"2021-04-12T16:06:32","modified_gmt":"2021-04-12T16:06:32","slug":"mushing","status":"publish","type":"page","link":"https:\/\/nkef.eus\/eu\/index.php\/mushing\/","title":{"rendered":"Mushinga"},"content":{"rendered":"<div data-elementor-type=\"wp-page\" data-elementor-id=\"954\" class=\"elementor elementor-954\">\n\t\t\t\t\t\t<div class=\"elementor-inner\">\n\t\t\t\t<div class=\"elementor-section-wrap\">\n\t\t\t\t\t\t\t\t\t<section class=\"elementor-section elementor-top-section elementor-element elementor-element-acff2fa elementor-section-boxed elementor-section-height-default elementor-section-height-default\" data-id=\"acff2fa\" data-element_type=\"section\">\n\t\t\t\t\t\t<div class=\"elementor-container elementor-column-gap-default\">\n\t\t\t\t\t\t\t<div class=\"elementor-row\">\n\t\t\t\t\t<div class=\"elementor-column elementor-col-100 elementor-top-column elementor-element elementor-element-861594b\" data-id=\"861594b\" data-element_type=\"column\">\n\t\t\t<div class=\"elementor-column-wrap elementor-element-populated\">\n\t\t\t\t\t\t\t<div class=\"elementor-widget-wrap\">\n\t\t\t\t\t\t<div class=\"elementor-element elementor-element-eb61b30 elementor-widget elementor-widget-spacer\" data-id=\"eb61b30\" data-element_type=\"widget\" data-widget_type=\"spacer.default\">\n\t\t\t\t<div class=\"elementor-widget-container\">\n\t\t\t\t\t<div class=\"elementor-spacer\">\n\t\t\t<div class=\"elementor-spacer-inner\"><\/div>\n\t\t<\/div>\n\t\t\t\t<\/div>\n\t\t\t\t<\/div>\n\t\t\t\t\t\t<\/div>\n\t\t\t\t\t<\/div>\n\t\t<\/div>\n\t\t\t\t\t\t\t\t<\/div>\n\t\t\t\t\t<\/div>\n\t\t<\/section>\n\t\t\t\t<section class=\"elementor-section elementor-top-section elementor-element elementor-element-03a0d0f elementor-section-boxed elementor-section-height-default elementor-section-height-default\" data-id=\"03a0d0f\" data-element_type=\"section\">\n\t\t\t\t\t\t<div class=\"elementor-container elementor-column-gap-default\">\n\t\t\t\t\t\t\t<div class=\"elementor-row\">\n\t\t\t\t\t<div class=\"elementor-column elementor-col-100 elementor-top-column elementor-element elementor-element-a010c2e\" data-id=\"a010c2e\" data-element_type=\"column\">\n\t\t\t<div class=\"elementor-column-wrap elementor-element-populated\">\n\t\t\t\t\t\t\t<div class=\"elementor-widget-wrap\">\n\t\t\t\t\t\t<div class=\"elementor-element elementor-element-df7b314 anwp-pg-widget-header-style--d anwp-pg-post-teaser__post-icon--size-16 elementor-widget elementor-widget-anwp-pg-classic-grid\" data-id=\"df7b314\" data-element_type=\"widget\" data-widget_type=\"anwp-pg-classic-grid.default\">\n\t\t\t\t<div class=\"elementor-widget-container\">\n\t\t\t<div class=\"anwp-pg-wrap\">\n\n\t<div class=\"anwp-pg-widget-header d-flex align-items-center position-relative\">\n\t<h3 class=\"d-flex align-items-center flex-wrap anwp-pg-widget-header__title\"> Mushinga<\/h3>\t<div class=\"anwp-pg-widget-header__secondary-line\"><\/div>\n<\/div>\n\n\t<div class=\"d-flex anwp-row flex-wrap anwp-pg-classic-grid anwp-pg-posts-wrapper\">\n\t\t<div class=\"anwp-pg-post-teaser anwp-pg-post-teaser--inner-cover-link anwp-pg-post-teaser--layout-d d-flex flex-column anwp-col-lg-4 anwp-col-sm-6 anwp-col-12 anwp-pg-post-teaser--with-read-more\">\n\t<div class=\"anwp-pg-post-teaser__thumbnail position-relative\">\n\n\t\t\t\t\t<div class=\"anwp-pg-post-teaser__top-meta d-flex flex-column anwp-pg-post-teaser__category-column mr-auto\">\n\t\t\t\t<div class=\"anwp-pg-category__wrapper-filled px-2 d-flex align-items-center anwp-pg-post-teaser__category-wrapper align-self-start anwp-pg-category-parent-0\" style=\"background-color: #1565C0\"><span>MUSHING<\/span><\/div>\t\t\t<\/div>\n\t\t\t\n\t\t\n\t\t<div class=\"anwp-pg-post-teaser__thumbnail-img anwp-pg-height-180\"\n\t\t\tstyle=\"background-image: url(https:\/\/nkef.eus\/wp-content\/uploads\/2025\/11\/1-701x1024.jpg)\">\n\t\t<\/div>\n\n\t\t<div class=\"anwp-pg-post-teaser__thumbnail-bg anwp-position-cover\"><\/div>\n\n\t\t<a class=\"anwp-position-cover anwp-link-without-effects\" href=\"https:\/\/nkef.eus\/eu\/index.php\/2025\/11\/14\/copa-de-espana-de-mushing-sprint-tierra-bunuel-navarra-ctos-de-euskadi-y-navarra-22-23-de-noviembre-2025\/\" aria-hidden=\"true\" ><\/a>\n\t<\/div>\n\n\t<div class=\"anwp-pg-post-teaser__content flex-grow-1 pt-1 d-flex flex-column\">\n\n\t\t<div class=\"anwp-pg-post-teaser__title anwp-font-heading mt-2\">\n\t\t\t<a class=\"anwp-link-without-effects\" href=\"https:\/\/nkef.eus\/eu\/index.php\/2025\/11\/14\/copa-de-espana-de-mushing-sprint-tierra-bunuel-navarra-ctos-de-euskadi-y-navarra-22-23-de-noviembre-2025\/\" aria-hidden=\"true\" >\n\t\t\t\tCOPA DE ESPA\u00d1A DE MUSHING SPRINT TIERRA BU\u00d1UEL-NAVARRA &#8211; CTOS DE EUSKADI Y NAVARRA 22-23 De Noviembre 2025\t\t\t<\/a>\n\t\t<\/div>\n\n\t\t<div class=\"anwp-pg-post-teaser__bottom-meta d-flex flex-wrap\">\n\n\t\t\t\t\t\t\t<div class=\"anwp-pg-post-teaser__bottom-meta-item d-flex align-items-center mr-3\">\n\t\t\t\t\t<svg class=\"anwp-pg-icon anwp-pg-icon--s16 mr-1\">\n\t\t\t\t\t\t<use xlink:href=\"#icon-anwp-pg-calendar\"><\/use>\n\t\t\t\t\t<\/svg>\n\t\t\t\t\t<span class=\"posted-on m-0\"><span class=\"screen-reader-text\">Posted on<\/span><time class=\"anwp-pg-published\" datetime=\"2025-11-14T10:23:40+00:00\">14 azaroa, 2025<\/time><time class=\"anwp-pg-updated\" datetime=\"2025-11-18T10:24:12+00:00\">18 azaroa, 2025<\/time><\/span>\n\t\t\t\t<\/div>\n\t\t\t\t\t\t<\/div>\n\n\t\t\t\t\t<div class=\"anwp-pg-post-teaser__excerpt mb-2\">\n\t\t\t\tCOPA DE ESPA\u00d1A DE MUSHING SPRINT TIERRA BU\u00d1UEL-NAVARRA &#8211; CTOS DE EUSKADI Y NAVARRA 22-23 De Noviembre 2025 Por la presente se convoca la celebraci\u00f3n de la Copa de Espa\u00f1a ...\t\t\t<\/div>\n\t\t\n\t\t\t\t\t<div class=\"w-100 anwp-pg-read-more mt-auto\">\n\t\t\t\t<a href=\"https:\/\/nkef.eus\/eu\/index.php\/2025\/11\/14\/copa-de-espana-de-mushing-sprint-tierra-bunuel-navarra-ctos-de-euskadi-y-navarra-22-23-de-noviembre-2025\/\" \t\t\t\t\tclass=\"anwp-pg-read-more__btn mt-3 mb-0 btn btn-sm btn-outline-info w-100 text-decoration-none\">\n\t\t\t\t\tIrakurri gehiago\t\t\t\t<\/a>\n\t\t\t<\/div>\n\t\t\n\t<\/div>\n\n<\/div>\n<div class=\"anwp-pg-post-teaser anwp-pg-post-teaser--inner-cover-link anwp-pg-post-teaser--layout-d d-flex flex-column anwp-col-lg-4 anwp-col-sm-6 anwp-col-12 anwp-pg-post-teaser--with-read-more\">\n\t<div class=\"anwp-pg-post-teaser__thumbnail position-relative\">\n\n\t\t\t\t\t<div class=\"anwp-pg-post-teaser__top-meta d-flex flex-column anwp-pg-post-teaser__category-column mr-auto\">\n\t\t\t\t<div class=\"anwp-pg-category__wrapper-filled px-2 d-flex align-items-center anwp-pg-post-teaser__category-wrapper align-self-start anwp-pg-category-parent-0\" style=\"background-color: #1565C0\"><span>MUSHING<\/span><\/div>\t\t\t<\/div>\n\t\t\t\n\t\t\n\t\t<div class=\"anwp-pg-post-teaser__thumbnail-img anwp-pg-height-180\"\n\t\t\tstyle=\"background-image: url(https:\/\/nkef.eus\/wp-content\/uploads\/2024\/12\/WhatsApp-Image-2024-11-04-at-15.09.53-801x1024.jpeg)\">\n\t\t<\/div>\n\n\t\t<div class=\"anwp-pg-post-teaser__thumbnail-bg anwp-position-cover\"><\/div>\n\n\t\t<a class=\"anwp-position-cover anwp-link-without-effects\" href=\"https:\/\/nkef.eus\/eu\/index.php\/2024\/12\/11\/1a-prueba-cto-mushing-nieve-de-los-pirineos-port-aine-18-19-enero-2025\/\" aria-hidden=\"true\" ><\/a>\n\t<\/div>\n\n\t<div class=\"anwp-pg-post-teaser__content flex-grow-1 pt-1 d-flex flex-column\">\n\n\t\t<div class=\"anwp-pg-post-teaser__title anwp-font-heading mt-2\">\n\t\t\t<a class=\"anwp-link-without-effects\" href=\"https:\/\/nkef.eus\/eu\/index.php\/2024\/12\/11\/1a-prueba-cto-mushing-nieve-de-los-pirineos-port-aine-18-19-enero-2025\/\" aria-hidden=\"true\" >\n\t\t\t\t1a PRUEBA: CTO. MUSHING NIEVE DE LOS PIRINEOS &#8211;  PORT AIN\u00c9  18-19 ENERO 2025\t\t\t<\/a>\n\t\t<\/div>\n\n\t\t<div class=\"anwp-pg-post-teaser__bottom-meta d-flex flex-wrap\">\n\n\t\t\t\t\t\t\t<div class=\"anwp-pg-post-teaser__bottom-meta-item d-flex align-items-center mr-3\">\n\t\t\t\t\t<svg class=\"anwp-pg-icon anwp-pg-icon--s16 mr-1\">\n\t\t\t\t\t\t<use xlink:href=\"#icon-anwp-pg-calendar\"><\/use>\n\t\t\t\t\t<\/svg>\n\t\t\t\t\t<span class=\"posted-on m-0\"><span class=\"screen-reader-text\">Posted on<\/span><time class=\"anwp-pg-published\" datetime=\"2024-12-11T08:40:01+00:00\">11 abendua, 2024<\/time><time class=\"anwp-pg-updated\" datetime=\"2025-01-14T10:52:06+00:00\">14 urtarrila, 2025<\/time><\/span>\n\t\t\t\t<\/div>\n\t\t\t\t\t\t<\/div>\n\n\t\t\t\t\t<div class=\"anwp-pg-post-teaser__excerpt mb-2\">\n\t\t\t\t1a PRUEBA: CTO. MUSHING NIEVE DE LOS PIRINEOS &#8211; PORT AIN\u00c9 18-19 ENERO 2025 La Federaci\u00f3n Catalana de Deportes de Invierno (FCEH), la Federaci\u00f3n Vasca de Deportes de Invierno (FVDI), ...\t\t\t<\/div>\n\t\t\n\t\t\t\t\t<div class=\"w-100 anwp-pg-read-more mt-auto\">\n\t\t\t\t<a href=\"https:\/\/nkef.eus\/eu\/index.php\/2024\/12\/11\/1a-prueba-cto-mushing-nieve-de-los-pirineos-port-aine-18-19-enero-2025\/\" \t\t\t\t\tclass=\"anwp-pg-read-more__btn mt-3 mb-0 btn btn-sm btn-outline-info w-100 text-decoration-none\">\n\t\t\t\t\tIrakurri gehiago\t\t\t\t<\/a>\n\t\t\t<\/div>\n\t\t\n\t<\/div>\n\n<\/div>\n<div class=\"anwp-pg-post-teaser anwp-pg-post-teaser--inner-cover-link anwp-pg-post-teaser--layout-d d-flex flex-column anwp-col-lg-4 anwp-col-sm-6 anwp-col-12 anwp-pg-post-teaser--with-read-more\">\n\t<div class=\"anwp-pg-post-teaser__thumbnail position-relative\">\n\n\t\t\t\t\t<div class=\"anwp-pg-post-teaser__top-meta d-flex flex-column anwp-pg-post-teaser__category-column mr-auto\">\n\t\t\t\t<div class=\"anwp-pg-category__wrapper-filled px-2 d-flex align-items-center anwp-pg-post-teaser__category-wrapper align-self-start anwp-pg-category-parent-0\" style=\"background-color: #1565C0\"><span>MUSHING<\/span><\/div>\t\t\t<\/div>\n\t\t\t\n\t\t\n\t\t<div class=\"anwp-pg-post-teaser__thumbnail-img anwp-pg-height-180\"\n\t\t\tstyle=\"background-image: url(https:\/\/nkef.eus\/wp-content\/uploads\/2023\/10\/Copia-de-CAMPEONATO-Post-de-Instagram-Cuadrado-1-1024x1024.png)\">\n\t\t<\/div>\n\n\t\t<div class=\"anwp-pg-post-teaser__thumbnail-bg anwp-position-cover\"><\/div>\n\n\t\t<a class=\"anwp-position-cover anwp-link-without-effects\" href=\"https:\/\/nkef.eus\/eu\/index.php\/2023\/10\/25\/cto-de-euskadi-y-navarra-mushing-tierra-mata-de-haya-11-y-12-noviembre-2023\/\" aria-hidden=\"true\" ><\/a>\n\t<\/div>\n\n\t<div class=\"anwp-pg-post-teaser__content flex-grow-1 pt-1 d-flex flex-column\">\n\n\t\t<div class=\"anwp-pg-post-teaser__title anwp-font-heading mt-2\">\n\t\t\t<a class=\"anwp-link-without-effects\" href=\"https:\/\/nkef.eus\/eu\/index.php\/2023\/10\/25\/cto-de-euskadi-y-navarra-mushing-tierra-mata-de-haya-11-y-12-noviembre-2023\/\" aria-hidden=\"true\" >\n\t\t\t\tCto De Euskadi y Navarra Mushing Tierra &#8211; Mata De Haya 11 y 12 Noviembre 2023\t\t\t<\/a>\n\t\t<\/div>\n\n\t\t<div class=\"anwp-pg-post-teaser__bottom-meta d-flex flex-wrap\">\n\n\t\t\t\t\t\t\t<div class=\"anwp-pg-post-teaser__bottom-meta-item d-flex align-items-center mr-3\">\n\t\t\t\t\t<svg class=\"anwp-pg-icon anwp-pg-icon--s16 mr-1\">\n\t\t\t\t\t\t<use xlink:href=\"#icon-anwp-pg-calendar\"><\/use>\n\t\t\t\t\t<\/svg>\n\t\t\t\t\t<span class=\"posted-on m-0\"><span class=\"screen-reader-text\">Posted on<\/span><time class=\"anwp-pg-published\" datetime=\"2023-10-25T08:12:24+00:00\">25 urria, 2023<\/time><time class=\"anwp-pg-updated\" datetime=\"2023-11-13T11:47:00+00:00\">13 azaroa, 2023<\/time><\/span>\n\t\t\t\t<\/div>\n\t\t\t\t\t\t<\/div>\n\n\t\t\t\t\t<div class=\"anwp-pg-post-teaser__excerpt mb-2\">\n\t\t\t\tCto De Euskadi y Navarra Mushing Tierra &#8211; Mata De Haya 11 y 12 Noviembre 2023 NOTA INFORMATIVA LISTADO DE SALIDA S\u00c1BADO 11 NOVIEMBRE 2023 REULTADOS OFICIALES\t\t\t<\/div>\n\t\t\n\t\t\t\t\t<div class=\"w-100 anwp-pg-read-more mt-auto\">\n\t\t\t\t<a href=\"https:\/\/nkef.eus\/eu\/index.php\/2023\/10\/25\/cto-de-euskadi-y-navarra-mushing-tierra-mata-de-haya-11-y-12-noviembre-2023\/\" \t\t\t\t\tclass=\"anwp-pg-read-more__btn mt-3 mb-0 btn btn-sm btn-outline-info w-100 text-decoration-none\">\n\t\t\t\t\tIrakurri gehiago\t\t\t\t<\/a>\n\t\t\t<\/div>\n\t\t\n\t<\/div>\n\n<\/div>\n<div class=\"anwp-pg-post-teaser anwp-pg-post-teaser--inner-cover-link anwp-pg-post-teaser--layout-d d-flex flex-column anwp-col-lg-4 anwp-col-sm-6 anwp-col-12 anwp-pg-post-teaser--with-read-more\">\n\t<div class=\"anwp-pg-post-teaser__thumbnail position-relative\">\n\n\t\t\t\t\t<div class=\"anwp-pg-post-teaser__top-meta d-flex flex-column anwp-pg-post-teaser__category-column mr-auto\">\n\t\t\t\t<div class=\"anwp-pg-category__wrapper-filled px-2 d-flex align-items-center anwp-pg-post-teaser__category-wrapper align-self-start anwp-pg-category-parent-0\" style=\"background-color: #1565C0\"><span>MUSHING<\/span><\/div>\t\t\t<\/div>\n\t\t\t\n\t\t\n\t\t<div class=\"anwp-pg-post-teaser__thumbnail-img anwp-pg-height-180\"\n\t\t\tstyle=\"background-image: url(https:\/\/nkef.eus\/wp-content\/uploads\/2022\/10\/CAMPEONATO-DE-EUSKADI-Y-NAVARRA-MUSHING-TIERRA.png)\">\n\t\t<\/div>\n\n\t\t<div class=\"anwp-pg-post-teaser__thumbnail-bg anwp-position-cover\"><\/div>\n\n\t\t<a class=\"anwp-position-cover anwp-link-without-effects\" href=\"https:\/\/nkef.eus\/eu\/index.php\/2022\/10\/27\/campeonato-de-euskadi-y-navarra-mushing-tierra\/\" aria-hidden=\"true\" ><\/a>\n\t<\/div>\n\n\t<div class=\"anwp-pg-post-teaser__content flex-grow-1 pt-1 d-flex flex-column\">\n\n\t\t<div class=\"anwp-pg-post-teaser__title anwp-font-heading mt-2\">\n\t\t\t<a class=\"anwp-link-without-effects\" href=\"https:\/\/nkef.eus\/eu\/index.php\/2022\/10\/27\/campeonato-de-euskadi-y-navarra-mushing-tierra\/\" aria-hidden=\"true\" >\n\t\t\t\tCampeonato De Euskadi Y Navarra Mushing Tierra\t\t\t<\/a>\n\t\t<\/div>\n\n\t\t<div class=\"anwp-pg-post-teaser__bottom-meta d-flex flex-wrap\">\n\n\t\t\t\t\t\t\t<div class=\"anwp-pg-post-teaser__bottom-meta-item d-flex align-items-center mr-3\">\n\t\t\t\t\t<svg class=\"anwp-pg-icon anwp-pg-icon--s16 mr-1\">\n\t\t\t\t\t\t<use xlink:href=\"#icon-anwp-pg-calendar\"><\/use>\n\t\t\t\t\t<\/svg>\n\t\t\t\t\t<span class=\"posted-on m-0\"><span class=\"screen-reader-text\">Posted on<\/span><time class=\"anwp-pg-published\" datetime=\"2022-10-27T08:57:47+00:00\">27 urria, 2022<\/time><time class=\"anwp-pg-updated\" datetime=\"2022-10-31T09:58:15+00:00\">31 urria, 2022<\/time><\/span>\n\t\t\t\t<\/div>\n\t\t\t\t\t\t<\/div>\n\n\t\t\t\t\t<div class=\"anwp-pg-post-teaser__excerpt mb-2\">\n\t\t\t\tCampeonato De Euskadi Y Navarra Mushing Tierra REGLAMENTO\t\t\t<\/div>\n\t\t\n\t\t\t\t\t<div class=\"w-100 anwp-pg-read-more mt-auto\">\n\t\t\t\t<a href=\"https:\/\/nkef.eus\/eu\/index.php\/2022\/10\/27\/campeonato-de-euskadi-y-navarra-mushing-tierra\/\" \t\t\t\t\tclass=\"anwp-pg-read-more__btn mt-3 mb-0 btn btn-sm btn-outline-info w-100 text-decoration-none\">\n\t\t\t\t\tIrakurri gehiago\t\t\t\t<\/a>\n\t\t\t<\/div>\n\t\t\n\t<\/div>\n\n<\/div>\n<div class=\"anwp-pg-post-teaser anwp-pg-post-teaser--inner-cover-link anwp-pg-post-teaser--layout-d d-flex flex-column anwp-col-lg-4 anwp-col-sm-6 anwp-col-12 anwp-pg-post-teaser--with-read-more\">\n\t<div class=\"anwp-pg-post-teaser__thumbnail position-relative\">\n\n\t\t\t\t\t<div class=\"anwp-pg-post-teaser__top-meta d-flex flex-column anwp-pg-post-teaser__category-column mr-auto\">\n\t\t\t\t<div class=\"anwp-pg-category__wrapper-filled px-2 d-flex align-items-center anwp-pg-post-teaser__category-wrapper align-self-start anwp-pg-category-parent-0\" style=\"background-color: #1565C0\"><span>MUSHING<\/span><\/div>\t\t\t<\/div>\n\t\t\t\n\t\t\n\t\t<div class=\"anwp-pg-post-teaser__thumbnail-img anwp-pg-height-180\"\n\t\t\tstyle=\"background-image: url(https:\/\/nkef.eus\/wp-content\/uploads\/2022\/02\/Sin-titulo-3.png)\">\n\t\t<\/div>\n\n\t\t<div class=\"anwp-pg-post-teaser__thumbnail-bg anwp-position-cover\"><\/div>\n\n\t\t<a class=\"anwp-position-cover anwp-link-without-effects\" href=\"https:\/\/nkef.eus\/eu\/index.php\/2022\/02\/25\/copa-de-espana-de-mushing-sprint-tierra-salas-de-los-infantes\/\" aria-hidden=\"true\" ><\/a>\n\t<\/div>\n\n\t<div class=\"anwp-pg-post-teaser__content flex-grow-1 pt-1 d-flex flex-column\">\n\n\t\t<div class=\"anwp-pg-post-teaser__title anwp-font-heading mt-2\">\n\t\t\t<a class=\"anwp-link-without-effects\" href=\"https:\/\/nkef.eus\/eu\/index.php\/2022\/02\/25\/copa-de-espana-de-mushing-sprint-tierra-salas-de-los-infantes\/\" aria-hidden=\"true\" >\n\t\t\t\tCOPA DE ESPA\u00d1A DE MUSHING SPRINT TIERRA SALAS DE LOS INFANTES\t\t\t<\/a>\n\t\t<\/div>\n\n\t\t<div class=\"anwp-pg-post-teaser__bottom-meta d-flex flex-wrap\">\n\n\t\t\t\t\t\t\t<div class=\"anwp-pg-post-teaser__bottom-meta-item d-flex align-items-center mr-3\">\n\t\t\t\t\t<svg class=\"anwp-pg-icon anwp-pg-icon--s16 mr-1\">\n\t\t\t\t\t\t<use xlink:href=\"#icon-anwp-pg-calendar\"><\/use>\n\t\t\t\t\t<\/svg>\n\t\t\t\t\t<span class=\"posted-on m-0\"><span class=\"screen-reader-text\">Posted on<\/span><time class=\"anwp-pg-published\" datetime=\"2022-02-25T09:18:51+00:00\">25 otsaila, 2022<\/time><time class=\"anwp-pg-updated\" datetime=\"2022-02-25T09:42:23+00:00\">25 otsaila, 2022<\/time><\/span>\n\t\t\t\t<\/div>\n\t\t\t\t\t\t<\/div>\n\n\t\t\t\t\t<div class=\"anwp-pg-post-teaser__excerpt mb-2\">\n\t\t\t\tCOPA DE ESPA\u00d1A DE MUSHING SPRINT TIERRA SALAS DE LOS INFANTES NOTA INFORMATIVA\t\t\t<\/div>\n\t\t\n\t\t\t\t\t<div class=\"w-100 anwp-pg-read-more mt-auto\">\n\t\t\t\t<a href=\"https:\/\/nkef.eus\/eu\/index.php\/2022\/02\/25\/copa-de-espana-de-mushing-sprint-tierra-salas-de-los-infantes\/\" \t\t\t\t\tclass=\"anwp-pg-read-more__btn mt-3 mb-0 btn btn-sm btn-outline-info w-100 text-decoration-none\">\n\t\t\t\t\tIrakurri gehiago\t\t\t\t<\/a>\n\t\t\t<\/div>\n\t\t\n\t<\/div>\n\n<\/div>\n<div class=\"anwp-pg-post-teaser anwp-pg-post-teaser--inner-cover-link anwp-pg-post-teaser--layout-d d-flex flex-column anwp-col-lg-4 anwp-col-sm-6 anwp-col-12 anwp-pg-post-teaser--with-read-more\">\n\t<div class=\"anwp-pg-post-teaser__thumbnail position-relative\">\n\n\t\t\t\t\t<div class=\"anwp-pg-post-teaser__top-meta d-flex flex-column anwp-pg-post-teaser__category-column mr-auto\">\n\t\t\t\t<div class=\"anwp-pg-category__wrapper-filled px-2 d-flex align-items-center anwp-pg-post-teaser__category-wrapper align-self-start anwp-pg-category-parent-0\" style=\"background-color: #1565C0\"><span>MUSHING<\/span><\/div>\t\t\t<\/div>\n\t\t\t\n\t\t\n\t\t<div class=\"anwp-pg-post-teaser__thumbnail-img anwp-pg-height-180\"\n\t\t\tstyle=\"background-image: url(https:\/\/nkef.eus\/wp-content\/uploads\/2022\/02\/Campeonato-De-Euskadi-y-Navarra-Mushing-Nieve-1-1024x1024.png)\">\n\t\t<\/div>\n\n\t\t<div class=\"anwp-pg-post-teaser__thumbnail-bg anwp-position-cover\"><\/div>\n\n\t\t<a class=\"anwp-position-cover anwp-link-without-effects\" href=\"https:\/\/nkef.eus\/eu\/index.php\/2022\/02\/24\/v-campeonato-de-euskadi-y-navarra-de-mushing-nieve\/\" aria-hidden=\"true\" ><\/a>\n\t<\/div>\n\n\t<div class=\"anwp-pg-post-teaser__content flex-grow-1 pt-1 d-flex flex-column\">\n\n\t\t<div class=\"anwp-pg-post-teaser__title anwp-font-heading mt-2\">\n\t\t\t<a class=\"anwp-link-without-effects\" href=\"https:\/\/nkef.eus\/eu\/index.php\/2022\/02\/24\/v-campeonato-de-euskadi-y-navarra-de-mushing-nieve\/\" aria-hidden=\"true\" >\n\t\t\t\tV CAMPEONATO DE EUSKADI Y NAVARRA DE MUSHING NIEVE\t\t\t<\/a>\n\t\t<\/div>\n\n\t\t<div class=\"anwp-pg-post-teaser__bottom-meta d-flex flex-wrap\">\n\n\t\t\t\t\t\t\t<div class=\"anwp-pg-post-teaser__bottom-meta-item d-flex align-items-center mr-3\">\n\t\t\t\t\t<svg class=\"anwp-pg-icon anwp-pg-icon--s16 mr-1\">\n\t\t\t\t\t\t<use xlink:href=\"#icon-anwp-pg-calendar\"><\/use>\n\t\t\t\t\t<\/svg>\n\t\t\t\t\t<span class=\"posted-on m-0\"><span class=\"screen-reader-text\">Posted on<\/span><time class=\"anwp-pg-published\" datetime=\"2022-02-24T10:41:04+00:00\">24 otsaila, 2022<\/time><time class=\"anwp-pg-updated\" datetime=\"2022-02-24T10:43:37+00:00\">24 otsaila, 2022<\/time><\/span>\n\t\t\t\t<\/div>\n\t\t\t\t\t\t<\/div>\n\n\t\t\t\t\t<div class=\"anwp-pg-post-teaser__excerpt mb-2\">\n\t\t\t\tV CAMPEONATO DE EUSKADI Y NAVARRA DE MUSHING NIEVE REGLAMENTO\t\t\t<\/div>\n\t\t\n\t\t\t\t\t<div class=\"w-100 anwp-pg-read-more mt-auto\">\n\t\t\t\t<a href=\"https:\/\/nkef.eus\/eu\/index.php\/2022\/02\/24\/v-campeonato-de-euskadi-y-navarra-de-mushing-nieve\/\" \t\t\t\t\tclass=\"anwp-pg-read-more__btn mt-3 mb-0 btn btn-sm btn-outline-info w-100 text-decoration-none\">\n\t\t\t\t\tIrakurri gehiago\t\t\t\t<\/a>\n\t\t\t<\/div>\n\t\t\n\t<\/div>\n\n<\/div>\n\t<\/div>\n\t\t\t<div class=\"w-100 anwp-pg-load-more\">\n\t\t\t<button class=\"button btn btn-outline-secondary anwp-pg-load-more__btn mx-auto d-block my-3\" type=\"button\"\n\t\t\t\tdata-anwp-loaded-qty=\"6\"\n\t\t\t\tdata-anwp-posts-per-load=\"3\"\n\t\t\t\tdata-anwp-load-more=\"{&quot;posts_to_show&quot;:&quot;latest&quot;,&quot;include_ids&quot;:&quot;&quot;,&quot;exclude_ids&quot;:&quot;&quot;,&quot;exclude_by_category&quot;:&quot;&quot;,&quot;filter_by_category&quot;:&quot;14&quot;,&quot;filter_by_tag&quot;:&quot;&quot;,&quot;filter_by_post_format&quot;:&quot;all&quot;,&quot;filter_by_author&quot;:&quot;&quot;,&quot;published_in_last_days&quot;:0,&quot;limit&quot;:6,&quot;offset&quot;:0,&quot;grid_cols&quot;:3,&quot;grid_cols_tablet&quot;:2,&quot;grid_cols_mobile&quot;:1,&quot;grid_thumbnail_size&quot;:&quot;large&quot;,&quot;show_category&quot;:&quot;yes&quot;,&quot;category_limit&quot;:1,&quot;show_date&quot;:&quot;yes&quot;,&quot;show_author&quot;:&quot;yes&quot;,&quot;show_comments&quot;:&quot;yes&quot;,&quot;card_height&quot;:{&quot;unit&quot;:&quot;px&quot;,&quot;size&quot;:180,&quot;sizes&quot;:[]},&quot;show_excerpt&quot;:&quot;yes&quot;,&quot;excerpt_num_words&quot;:30,&quot;excerpt_source&quot;:&quot;&quot;,&quot;excerpt_html&quot;:&quot;no&quot;,&quot;layout&quot;:&quot;d&quot;,&quot;show_read_more&quot;:&quot;yes&quot;,&quot;read_more_label&quot;:&quot;Leer M\\u00e1s&quot;,&quot;read_more_class&quot;:&quot;&quot;,&quot;post_image_width&quot;:&quot;1_3&quot;,&quot;show_post_icon&quot;:&quot;yes&quot;,&quot;query_source&quot;:&quot;posts&quot;,&quot;related_posts&quot;:&quot;&quot;,&quot;related_posts_order&quot;:&quot;&quot;,&quot;card_height_mobile&quot;:{&quot;unit&quot;:&quot;px&quot;,&quot;size&quot;:&quot;&quot;,&quot;sizes&quot;:[]},&quot;card_height_tablet&quot;:{&quot;unit&quot;:&quot;px&quot;,&quot;size&quot;:&quot;&quot;,&quot;sizes&quot;:[]}}\">\n\t\t\t\t<span class=\"anwp-pg-load-more__label\">Irakurri gehiago<\/span>\n\t\t\t\t\t<span class=\"anwp-pg-wave d-flex align-items-center\">\n\t\t\t\t\t<span class=\"anwp-pg-rect anwp-pg-rect1\"><\/span>\n\t\t\t\t\t<span class=\"anwp-pg-rect anwp-pg-rect2\"><\/span>\n\t\t\t\t\t<span class=\"anwp-pg-rect anwp-pg-rect3\"><\/span>\n\t\t\t\t\t<span class=\"anwp-pg-rect anwp-pg-rect4\"><\/span>\n\t\t\t\t\t<span class=\"anwp-pg-rect anwp-pg-rect5\"><\/span>\n\t\t\t\t<\/span>\n\t\t\t<\/button>\n\t\t<\/div>\n\t\n\t<\/div>\n\t\t<\/div>\n\t\t\t\t<\/div>\n\t\t\t\t\t\t<\/div>\n\t\t\t\t\t<\/div>\n\t\t<\/div>\n\t\t\t\t\t\t\t\t<\/div>\n\t\t\t\t\t<\/div>\n\t\t<\/section>\n\t\t\t\t\t\t\t\t\t<\/div>\n\t\t\t<\/div>\n\t\t\t\t\t<\/div>","protected":false},"excerpt":{"rendered":"<p>Mushing MUSHING RESULTADOS CAMPEONATO DE ESPA\u00d1A DE MUSHING TIERRA, \u00d3LVEGA. Posted onfebrero 27, 2021febrero 28, 2021 RESULTADOS CAMPEONATO DE ESPA\u00d1A DE MUSHING TIERRA, \u00d3LVEGA. RESULTADOS PRIMERA MANGA &#8211; S\u00c1BADO 27\/02 RESULTADOS FINALES TRAS DOS MANGAS &#8211; DOMINGO 28\/02 Leer M\u00e1s MUSHING CAMPEONATO DE ESPA\u00d1A DE MUSHING SPRINT SOBRE TIERRA OLVEGA 27-28 FEBRERO 2021 Posted onenero [&hellip;]<\/p>","protected":false},"author":2,"featured_media":0,"parent":0,"menu_order":0,"comment_status":"closed","ping_status":"closed","template":"elementor_header_footer","meta":[],"_links":{"self":[{"href":"https:\/\/nkef.eus\/eu\/index.php\/wp-json\/wp\/v2\/pages\/954"}],"collection":[{"href":"https:\/\/nkef.eus\/eu\/index.php\/wp-json\/wp\/v2\/pages"}],"about":[{"href":"https:\/\/nkef.eus\/eu\/index.php\/wp-json\/wp\/v2\/types\/page"}],"author":[{"embeddable":true,"href":"https:\/\/nkef.eus\/eu\/index.php\/wp-json\/wp\/v2\/users\/2"}],"replies":[{"embeddable":true,"href":"https:\/\/nkef.eus\/eu\/index.php\/wp-json\/wp\/v2\/comments?post=954"}],"version-history":[{"count":5,"href":"https:\/\/nkef.eus\/eu\/index.php\/wp-json\/wp\/v2\/pages\/954\/revisions"}],"predecessor-version":[{"id":3784,"href":"https:\/\/nkef.eus\/eu\/index.php\/wp-json\/wp\/v2\/pages\/954\/revisions\/3784"}],"wp:attachment":[{"href":"https:\/\/nkef.eus\/eu\/index.php\/wp-json\/wp\/v2\/media?parent=954"}],"curies":[{"name":"wp","href":"https:\/\/api.w.org\/{rel}","templated":true}]}}